{"id":1000,"date":"2021-04-14T16:35:19","date_gmt":"2021-04-14T14:35:19","guid":{"rendered":"\/home\/"},"modified":"2021-06-24T16:39:10","modified_gmt":"2021-06-24T14:39:10","slug":"home","status":"publish","type":"page","link":"\/fr\/","title":{"rendered":"CHEZ CARTIER, TOUT COMMENCE PAR LE DESIGN"},"content":{"rendered":"","protected":false},"excerpt":{"rendered":"","protected":false},"author":1,"featured_media":0,"parent":0,"menu_order":0,"comment_status":"closed","ping_status":"closed","template":"templates\/home.php","meta":[],"yoast_head":"<!-- This site is optimized with the Yoast SEO plugin v16.5 - https:\/\/yoast.com\/wordpress\/plugins\/seo\/ -->\n<meta name=\"description\" content=\"Son souci du d\u00e9tail est unique. \u00c0 la fois avant-gardiste et intemporelle, la Maison ne c\u00e8de \u00e0 aucun compromis dans sa qu\u00eate de la perfection.\" \/>\n<meta name=\"robots\" content=\"index, follow, max-snippet:-1, max-image-preview:large, max-video-preview:-1\" \/>\n<link rel=\"canonical\" href=\"https:\/\/elle-x-cartier-api-preprod.yoursp.in\/fr\/\" \/>\n<meta property=\"og:locale\" content=\"fr_FR\" \/>\n<meta property=\"og:type\" content=\"article\" \/>\n<meta property=\"og:title\" content=\"CHEZ CARTIER, TOUT COMMENCE PAR LE DESIGN | ELLE x Cartier\" \/>\n<meta property=\"og:description\" content=\"Son souci du d\u00e9tail est unique. \u00c0 la fois avant-gardiste et intemporelle, la Maison ne c\u00e8de \u00e0 aucun compromis dans sa qu\u00eate de la perfection.\" \/>\n<meta property=\"og:url\" content=\"\/fr\/\" \/>\n<meta property=\"og:site_name\" content=\"ELLE x Cartier\" \/>\n<meta property=\"article:modified_time\" content=\"2021-06-24T14:39:10+00:00\" \/>\n<meta name=\"twitter:card\" content=\"summary_large_image\" \/>\n<script type=\"application\/ld+json\" class=\"yoast-schema-graph\">{\"@context\":\"https:\/\/schema.org\",\"@graph\":[{\"@type\":\"WebSite\",\"@id\":\"https:\/\/elle-x-cartier-api-preprod.yoursp.in\/en\/#website\",\"url\":\"https:\/\/elle-x-cartier-api-preprod.yoursp.in\/en\/\",\"name\":\"ELLE x Cartier\",\"description\":\"Un site\",\"potentialAction\":[{\"@type\":\"SearchAction\",\"target\":\"https:\/\/elle-x-cartier-api-preprod.yoursp.in\/en\/?s={search_term_string}\",\"query-input\":\"required name=search_term_string\"}],\"inLanguage\":\"fr-FR\"},{\"@type\":\"WebPage\",\"@id\":\"https:\/\/elle-x-cartier-api-preprod.yoursp.in\/fr\/#webpage\",\"url\":\"https:\/\/elle-x-cartier-api-preprod.yoursp.in\/fr\/\",\"name\":\"CHEZ CARTIER, TOUT COMMENCE PAR LE DESIGN | ELLE x Cartier\",\"isPartOf\":{\"@id\":\"https:\/\/elle-x-cartier-api-preprod.yoursp.in\/en\/#website\"},\"datePublished\":\"2021-04-14T14:35:19+00:00\",\"dateModified\":\"2021-06-24T14:39:10+00:00\",\"description\":\"Son souci du d\\u00e9tail est unique. \\u00c0 la fois avant-gardiste et intemporelle, la Maison ne c\\u00e8de \\u00e0 aucun compromis dans sa qu\\u00eate de la perfection.\",\"breadcrumb\":{\"@id\":\"https:\/\/elle-x-cartier-api-preprod.yoursp.in\/fr\/#breadcrumb\"},\"inLanguage\":\"fr-FR\",\"potentialAction\":[{\"@type\":\"ReadAction\",\"target\":[\"https:\/\/elle-x-cartier-api-preprod.yoursp.in\/fr\/\"]}]},{\"@type\":\"BreadcrumbList\",\"@id\":\"https:\/\/elle-x-cartier-api-preprod.yoursp.in\/fr\/#breadcrumb\",\"itemListElement\":[{\"@type\":\"ListItem\",\"position\":1,\"name\":\"Home\",\"item\":\"\/fr\/\"},{\"@type\":\"ListItem\",\"position\":2,\"name\":\"CHEZ CARTIER, TOUT COMMENCE PAR LE DESIGN\"}]}]}<\/script>\n<!-- \/ Yoast SEO plugin. -->","_links":{"self":[{"href":"https:\/\/elle-x-cartier-api-preprod.yoursp.in\/fr\/wp-json\/wp\/v2\/pages\/1000"}],"collection":[{"href":"https:\/\/elle-x-cartier-api-preprod.yoursp.in\/fr\/wp-json\/wp\/v2\/pages"}],"about":[{"href":"https:\/\/elle-x-cartier-api-preprod.yoursp.in\/fr\/wp-json\/wp\/v2\/types\/page"}],"author":[{"embeddable":true,"href":"https:\/\/elle-x-cartier-api-preprod.yoursp.in\/fr\/wp-json\/wp\/v2\/users\/1"}],"replies":[{"embeddable":true,"href":"https:\/\/elle-x-cartier-api-preprod.yoursp.in\/fr\/wp-json\/wp\/v2\/comments?post=1000"}],"version-history":[{"count":8,"href":"https:\/\/elle-x-cartier-api-preprod.yoursp.in\/fr\/wp-json\/wp\/v2\/pages\/1000\/revisions"}],"predecessor-version":[{"id":1806,"href":"https:\/\/elle-x-cartier-api-preprod.yoursp.in\/fr\/wp-json\/wp\/v2\/pages\/1000\/revisions\/1806"}],"wp:attachment":[{"href":"https:\/\/elle-x-cartier-api-preprod.yoursp.in\/fr\/wp-json\/wp\/v2\/media?parent=1000"}],"curies":[{"name":"wp","href":"https:\/\/api.w.org\/{rel}","templated":true}]}}